{"id":2,"date":"2025-10-10T19:01:23","date_gmt":"2025-10-10T17:01:23","guid":{"rendered":"http:\/\/trojanowski-ogrody.pl\/?page_id=2"},"modified":"2025-12-08T13:45:04","modified_gmt":"2025-12-08T12:45:04","slug":"przykladowa-strona","status":"publish","type":"page","link":"https:\/\/trojanowski-ogrody.pl\/","title":{"rendered":"Tw\u00f3j ogr\u00f3d \u2013 Twoja oaza spokoju i pi\u0119kna"},"content":{"rendered":"\n<p><\/p>\n\n\n\n<p>Ka\u017cdy z nas marzy o miejscu, w kt\u00f3rym mo\u017cna z\u0142apa\u0107 oddech po ci\u0119\u017ckim dniu, napi\u0107 si\u0119 kawy w promieniach s\u0142o\u0144ca i cieszy\u0107 si\u0119 natur\u0105 tu\u017c obok domu. Nasza firma Trojanowski ogrody tworzy takie przestrzenie \u2013 od projektu a\u017c po realizacj\u0119.<\/p>\n\n\n\n<p>Co mo\u017cemy dla Ciebie zrobi\u0107?<\/p>\n\n\n\n<p>\ud83c\udf31 Za\u0142o\u017cy\u0107 zielony, r\u00f3wny jak dywan trawnik<\/p>\n\n\n\n<p>\ud83d\udca7 Stworzy\u0107 klimatyczne oczko wodne lub fontann\u0119<\/p>\n\n\n\n<p>\ud83c\udf33 Zaaran\u017cowa\u0107 elegancki ogr\u00f3d przy wje\u017adzie do firmy \u2013 by ju\u017c od pierwszego kroku robi\u0142 wra\u017cenie<\/p>\n\n\n\n<p>\ud83c\udfe1 Zaprojektowa\u0107 otoczenie altanki idealnej na letnie wieczory z bliskimi&nbsp;<\/p>\n\n\n\n<p>\ud83c\udf38 Dopasowa\u0107 taras do Twoich potrzeb i marze\u0144 \u2013 tak, by sta\u0142 si\u0119 centrum domowego relaksu<\/p>\n\n\n\n<p>Dlaczego klienci nas wybieraj\u0105?<\/p>\n\n\n\n<p>\u2705 Kompleksowe podej\u015bcie \u2013 od pomys\u0142u po wykonanie<\/p>\n\n\n\n<p>\u2705 Fachowe doradztwo i indywidualne rozwi\u0105zania<\/p>\n\n\n\n<p>\u2705 Pasja, kt\u00f3ra przek\u0142ada si\u0119 na pi\u0119kne efekty<\/p>\n\n\n\n<p>\ud83c\udf1f Tw\u00f3j ogr\u00f3d mo\u017ce by\u0107 nie tylko zielon\u0105 przestrzeni\u0105, ale przed\u0142u\u017ceniem Twojego domu i stylu \u017cycia.<\/p>\n\n\n\n<p>\ud83d\udcde Skontaktuj si\u0119 z nami, a wsp\u00f3lnie stworzymy miejsce, do kt\u00f3rego b\u0119dziesz wraca\u0107 z u\u015bmiechem ka\u017cdego dnia!<\/p>\n\n\n\n<p class=\"has-x-large-font-size\"><strong>\ud83d\udc49 \ud83d\udcf2 504264021<\/strong><\/p>\n\n\n\n<p><\/p>\n","protected":false},"excerpt":{"rendered":"<p>Ka\u017cdy z nas marzy o miejscu, w kt\u00f3rym mo\u017cna z\u0142apa\u0107 oddech po ci\u0119\u017ckim dniu, napi\u0107 si\u0119 kawy w promieniach s\u0142o\u0144ca i cieszy\u0107 si\u0119 natur\u0105 tu\u017c obok domu. Nasza firma Trojanowski ogrody tworzy takie przestrzenie \u2013 od projektu a\u017c po realizacj\u0119. Co mo\u017cemy dla Ciebie zrobi\u0107? \ud83c\udf31 Za\u0142o\u017cy\u0107 zielony, r\u00f3wny jak dywan trawnik \ud83d\udca7 Stworzy\u0107 klimatyczne [&hellip;]<\/p>\n","protected":false},"author":1,"featured_media":0,"parent":0,"menu_order":0,"comment_status":"closed","ping_status":"open","template":"","meta":{"saved_in_kubio":true,"footnotes":""},"class_list":["post-2","page","type-page","status-publish","hentry"],"yoast_head":"<!-- This site is optimized with the Yoast SEO plugin v26.1.1 - https:\/\/yoast.com\/wordpress\/plugins\/seo\/ -->\n<title>Tw\u00f3j ogr\u00f3d \u2013 Twoja oaza spokoju i pi\u0119kna - Trojanowski Ogrody<\/title>\n<meta name=\"robots\" content=\"index, follow, max-snippet:-1, max-image-preview:large, max-video-preview:-1\" \/>\n<link rel=\"canonical\" href=\"https:\/\/trojanowski-ogrody.pl\/\" \/>\n<meta property=\"og:locale\" content=\"en_US\" \/>\n<meta property=\"og:type\" content=\"article\" \/>\n<meta property=\"og:title\" content=\"Tw\u00f3j ogr\u00f3d \u2013 Twoja oaza spokoju i pi\u0119kna - Trojanowski Ogrody\" \/>\n<meta property=\"og:description\" content=\"Ka\u017cdy z nas marzy o miejscu, w kt\u00f3rym mo\u017cna z\u0142apa\u0107 oddech po ci\u0119\u017ckim dniu, napi\u0107 si\u0119 kawy w promieniach s\u0142o\u0144ca i cieszy\u0107 si\u0119 natur\u0105 tu\u017c obok domu. Nasza firma Trojanowski ogrody tworzy takie przestrzenie \u2013 od projektu a\u017c po realizacj\u0119. Co mo\u017cemy dla Ciebie zrobi\u0107? \ud83c\udf31 Za\u0142o\u017cy\u0107 zielony, r\u00f3wny jak dywan trawnik \ud83d\udca7 Stworzy\u0107 klimatyczne [&hellip;]\" \/>\n<meta property=\"og:url\" content=\"https:\/\/trojanowski-ogrody.pl\/\" \/>\n<meta property=\"og:site_name\" content=\"Trojanowski Ogrody\" \/>\n<meta property=\"article:modified_time\" content=\"2025-12-08T12:45:04+00:00\" \/>\n<meta name=\"twitter:label1\" content=\"Est. reading time\" \/>\n\t<meta name=\"twitter:data1\" content=\"1 minute\" \/>\n<script type=\"application\/ld+json\" class=\"yoast-schema-graph\">{\"@context\":\"https:\/\/schema.org\",\"@graph\":[{\"@type\":\"WebPage\",\"@id\":\"https:\/\/trojanowski-ogrody.pl\/\",\"url\":\"https:\/\/trojanowski-ogrody.pl\/\",\"name\":\"Tw\u00f3j ogr\u00f3d \u2013 Twoja oaza spokoju i pi\u0119kna - Trojanowski Ogrody\",\"isPartOf\":{\"@id\":\"https:\/\/trojanowski-ogrody.pl\/#website\"},\"datePublished\":\"2025-10-10T17:01:23+00:00\",\"dateModified\":\"2025-12-08T12:45:04+00:00\",\"breadcrumb\":{\"@id\":\"https:\/\/trojanowski-ogrody.pl\/#breadcrumb\"},\"inLanguage\":\"en-US\",\"potentialAction\":[{\"@type\":\"ReadAction\",\"target\":[\"https:\/\/trojanowski-ogrody.pl\/\"]}]},{\"@type\":\"BreadcrumbList\",\"@id\":\"https:\/\/trojanowski-ogrody.pl\/#breadcrumb\",\"itemListElement\":[{\"@type\":\"ListItem\",\"position\":1,\"name\":\"Home\",\"item\":\"https:\/\/trojanowski-ogrody.pl\/\"},{\"@type\":\"ListItem\",\"position\":2,\"name\":\"Tw\u00f3j ogr\u00f3d \u2013 Twoja oaza spokoju i pi\u0119kna\"}]},{\"@type\":\"WebSite\",\"@id\":\"https:\/\/trojanowski-ogrody.pl\/#website\",\"url\":\"https:\/\/trojanowski-ogrody.pl\/\",\"name\":\"Trojanowski Ogrody\",\"description\":\"Tworzymy ogrody marze\u0144 od A do Z.  \",\"publisher\":{\"@id\":\"https:\/\/trojanowski-ogrody.pl\/#organization\"},\"potentialAction\":[{\"@type\":\"SearchAction\",\"target\":{\"@type\":\"EntryPoint\",\"urlTemplate\":\"https:\/\/trojanowski-ogrody.pl\/?s={search_term_string}\"},\"query-input\":{\"@type\":\"PropertyValueSpecification\",\"valueRequired\":true,\"valueName\":\"search_term_string\"}}],\"inLanguage\":\"en-US\"},{\"@type\":\"Organization\",\"@id\":\"https:\/\/trojanowski-ogrody.pl\/#organization\",\"name\":\"Trojanowski Ogrody\",\"url\":\"https:\/\/trojanowski-ogrody.pl\/\",\"logo\":{\"@type\":\"ImageObject\",\"inLanguage\":\"en-US\",\"@id\":\"https:\/\/trojanowski-ogrody.pl\/#\/schema\/logo\/image\/\",\"url\":\"https:\/\/trojanowski-ogrody.pl\/wp-content\/uploads\/2025\/10\/10000479692.png\",\"contentUrl\":\"https:\/\/trojanowski-ogrody.pl\/wp-content\/uploads\/2025\/10\/10000479692.png\",\"width\":1024,\"height\":1024,\"caption\":\"Trojanowski Ogrody\"},\"image\":{\"@id\":\"https:\/\/trojanowski-ogrody.pl\/#\/schema\/logo\/image\/\"}}]}<\/script>\n<!-- \/ Yoast SEO plugin. -->","yoast_head_json":{"title":"Tw\u00f3j ogr\u00f3d \u2013 Twoja oaza spokoju i pi\u0119kna - Trojanowski Ogrody","robots":{"index":"index","follow":"follow","max-snippet":"max-snippet:-1","max-image-preview":"max-image-preview:large","max-video-preview":"max-video-preview:-1"},"canonical":"https:\/\/trojanowski-ogrody.pl\/","og_locale":"en_US","og_type":"article","og_title":"Tw\u00f3j ogr\u00f3d \u2013 Twoja oaza spokoju i pi\u0119kna - Trojanowski Ogrody","og_description":"Ka\u017cdy z nas marzy o miejscu, w kt\u00f3rym mo\u017cna z\u0142apa\u0107 oddech po ci\u0119\u017ckim dniu, napi\u0107 si\u0119 kawy w promieniach s\u0142o\u0144ca i cieszy\u0107 si\u0119 natur\u0105 tu\u017c obok domu. Nasza firma Trojanowski ogrody tworzy takie przestrzenie \u2013 od projektu a\u017c po realizacj\u0119. Co mo\u017cemy dla Ciebie zrobi\u0107? \ud83c\udf31 Za\u0142o\u017cy\u0107 zielony, r\u00f3wny jak dywan trawnik \ud83d\udca7 Stworzy\u0107 klimatyczne [&hellip;]","og_url":"https:\/\/trojanowski-ogrody.pl\/","og_site_name":"Trojanowski Ogrody","article_modified_time":"2025-12-08T12:45:04+00:00","twitter_misc":{"Est. reading time":"1 minute"},"schema":{"@context":"https:\/\/schema.org","@graph":[{"@type":"WebPage","@id":"https:\/\/trojanowski-ogrody.pl\/","url":"https:\/\/trojanowski-ogrody.pl\/","name":"Tw\u00f3j ogr\u00f3d \u2013 Twoja oaza spokoju i pi\u0119kna - Trojanowski Ogrody","isPartOf":{"@id":"https:\/\/trojanowski-ogrody.pl\/#website"},"datePublished":"2025-10-10T17:01:23+00:00","dateModified":"2025-12-08T12:45:04+00:00","breadcrumb":{"@id":"https:\/\/trojanowski-ogrody.pl\/#breadcrumb"},"inLanguage":"en-US","potentialAction":[{"@type":"ReadAction","target":["https:\/\/trojanowski-ogrody.pl\/"]}]},{"@type":"BreadcrumbList","@id":"https:\/\/trojanowski-ogrody.pl\/#breadcrumb","itemListElement":[{"@type":"ListItem","position":1,"name":"Home","item":"https:\/\/trojanowski-ogrody.pl\/"},{"@type":"ListItem","position":2,"name":"Tw\u00f3j ogr\u00f3d \u2013 Twoja oaza spokoju i pi\u0119kna"}]},{"@type":"WebSite","@id":"https:\/\/trojanowski-ogrody.pl\/#website","url":"https:\/\/trojanowski-ogrody.pl\/","name":"Trojanowski Ogrody","description":"Tworzymy ogrody marze\u0144 od A do Z.  ","publisher":{"@id":"https:\/\/trojanowski-ogrody.pl\/#organization"},"potentialAction":[{"@type":"SearchAction","target":{"@type":"EntryPoint","urlTemplate":"https:\/\/trojanowski-ogrody.pl\/?s={search_term_string}"},"query-input":{"@type":"PropertyValueSpecification","valueRequired":true,"valueName":"search_term_string"}}],"inLanguage":"en-US"},{"@type":"Organization","@id":"https:\/\/trojanowski-ogrody.pl\/#organization","name":"Trojanowski Ogrody","url":"https:\/\/trojanowski-ogrody.pl\/","logo":{"@type":"ImageObject","inLanguage":"en-US","@id":"https:\/\/trojanowski-ogrody.pl\/#\/schema\/logo\/image\/","url":"https:\/\/trojanowski-ogrody.pl\/wp-content\/uploads\/2025\/10\/10000479692.png","contentUrl":"https:\/\/trojanowski-ogrody.pl\/wp-content\/uploads\/2025\/10\/10000479692.png","width":1024,"height":1024,"caption":"Trojanowski Ogrody"},"image":{"@id":"https:\/\/trojanowski-ogrody.pl\/#\/schema\/logo\/image\/"}}]}},"kubio_ai_page_context":{"short_desc":"","purpose":"general"},"_links":{"self":[{"href":"https:\/\/trojanowski-ogrody.pl\/index.php?rest_route=\/wp\/v2\/pages\/2","targetHints":{"allow":["GET"]}}],"collection":[{"href":"https:\/\/trojanowski-ogrody.pl\/index.php?rest_route=\/wp\/v2\/pages"}],"about":[{"href":"https:\/\/trojanowski-ogrody.pl\/index.php?rest_route=\/wp\/v2\/types\/page"}],"author":[{"embeddable":true,"href":"https:\/\/trojanowski-ogrody.pl\/index.php?rest_route=\/wp\/v2\/users\/1"}],"replies":[{"embeddable":true,"href":"https:\/\/trojanowski-ogrody.pl\/index.php?rest_route=%2Fwp%2Fv2%2Fcomments&post=2"}],"version-history":[{"count":2,"href":"https:\/\/trojanowski-ogrody.pl\/index.php?rest_route=\/wp\/v2\/pages\/2\/revisions"}],"predecessor-version":[{"id":175,"href":"https:\/\/trojanowski-ogrody.pl\/index.php?rest_route=\/wp\/v2\/pages\/2\/revisions\/175"}],"wp:attachment":[{"href":"https:\/\/trojanowski-ogrody.pl\/index.php?rest_route=%2Fwp%2Fv2%2Fmedia&parent=2"}],"curies":[{"name":"wp","href":"https:\/\/api.w.org\/{rel}","templated":true}]}}